{"id":162,"date":"2025-05-06T15:33:33","date_gmt":"2025-05-06T15:33:33","guid":{"rendered":"https:\/\/joslandsarl.com\/?page_id=162"},"modified":"2025-05-15T17:24:04","modified_gmt":"2025-05-15T17:24:04","slug":"a-propos","status":"publish","type":"page","link":"https:\/\/joslandsarl.com\/index.php\/a-propos\/","title":{"rendered":"A Propos"},"content":{"rendered":"\t\t<div data-elementor-type=\"wp-page\" data-elementor-id=\"162\" class=\"elementor elementor-162\">\n\t\t\t\t<div class=\"elementor-element elementor-element-722bb1b e-con-full e-flex wpr-particle-no wpr-jarallax-no wpr-parallax-no wpr-sticky-section-no wpr-equal-height-no e-con e-parent\" data-id=\"722bb1b\" data-element_type=\"container\" data-e-type=\"container\">\n\t\t\t\t<div class=\"elementor-element elementor-element-079c857 elementor-widget elementor-widget-heading\" data-id=\"079c857\" data-element_type=\"widget\" data-e-type=\"widget\" data-widget_type=\"heading.default\">\n\t\t\t\t<div class=\"elementor-widget-container\">\n\t\t\t\t\t<h2 class=\"elementor-heading-title elementor-size-default\">Bienvenue sur Josland SARL<\/h2>\t\t\t\t<\/div>\n\t\t\t\t<\/div>\n\t\t\t\t<\/div>\n\t\t<div class=\"elementor-element elementor-element-909eb8a e-con-full e-flex wpr-particle-no wpr-jarallax-no wpr-parallax-no wpr-sticky-section-no wpr-equal-height-no e-con e-parent\" data-id=\"909eb8a\" data-element_type=\"container\" data-e-type=\"container\">\n\t\t\t\t<div class=\"elementor-element elementor-element-9214f1c elementor-widget elementor-widget-heading\" data-id=\"9214f1c\" data-element_type=\"widget\" data-e-type=\"widget\" data-widget_type=\"heading.default\">\n\t\t\t\t<div class=\"elementor-widget-container\">\n\t\t\t\t\t<h3 class=\"elementor-heading-title elementor-size-default\">\u2013 Votre billet pour le monde \u00e0 prix malin !<\/h3>\t\t\t\t<\/div>\n\t\t\t\t<\/div>\n\t\t\t\t<\/div>\n\t\t<div class=\"elementor-element elementor-element-5f0d872 e-con-full e-flex wpr-particle-no wpr-jarallax-no wpr-parallax-no wpr-sticky-section-no wpr-equal-height-no e-con e-parent\" data-id=\"5f0d872\" data-element_type=\"container\" data-e-type=\"container\">\n\t\t\t\t<div class=\"elementor-element elementor-element-443bd4a elementor-widget-divider--view-line elementor-widget elementor-widget-divider\" data-id=\"443bd4a\" data-element_type=\"widget\" data-e-type=\"widget\" data-widget_type=\"divider.default\">\n\t\t\t\t<div class=\"elementor-widget-container\">\n\t\t\t\t\t\t\t<div class=\"elementor-divider\">\n\t\t\t<span class=\"elementor-divider-separator\">\n\t\t\t\t\t\t<\/span>\n\t\t<\/div>\n\t\t\t\t\t\t<\/div>\n\t\t\t\t<\/div>\n\t\t\t\t<\/div>\n\t\t<div class=\"elementor-element elementor-element-6e7f7e6 e-con-full e-flex wpr-particle-no wpr-jarallax-no wpr-parallax-no wpr-sticky-section-no wpr-equal-height-no e-con e-parent\" data-id=\"6e7f7e6\" data-element_type=\"container\" data-e-type=\"container\">\n\t\t<div class=\"elementor-element elementor-element-984abfb e-con-full e-flex wpr-particle-no wpr-jarallax-no wpr-parallax-no wpr-sticky-section-no wpr-equal-height-no e-con e-child\" data-id=\"984abfb\" data-element_type=\"container\" data-e-type=\"container\">\n\t\t\t\t<div class=\"elementor-element elementor-element-cfb263b elementor-widget elementor-widget-image\" data-id=\"cfb263b\" data-element_type=\"widget\" data-e-type=\"widget\" data-widget_type=\"image.default\">\n\t\t\t\t<div class=\"elementor-widget-container\">\n\t\t\t\t\t\t\t\t\t\t\t\t\t\t\t<img fetchpriority=\"high\" decoding=\"async\" width=\"640\" height=\"499\" src=\"https:\/\/joslandsarl.com\/wp-content\/uploads\/2025\/05\/a.jpg\" class=\"attachment-large size-large wp-image-229\" alt=\"\" srcset=\"https:\/\/joslandsarl.com\/wp-content\/uploads\/2025\/05\/a.jpg 768w, https:\/\/joslandsarl.com\/wp-content\/uploads\/2025\/05\/a-300x234.jpg 300w\" sizes=\"(max-width: 640px) 100vw, 640px\" \/>\t\t\t\t\t\t\t\t\t\t\t\t\t\t\t<\/div>\n\t\t\t\t<\/div>\n\t\t\t\t<\/div>\n\t\t<div class=\"elementor-element elementor-element-40a153a e-con-full e-flex wpr-particle-no wpr-jarallax-no wpr-parallax-no wpr-sticky-section-no wpr-equal-height-no e-con e-child\" data-id=\"40a153a\" data-element_type=\"container\" data-e-type=\"container\">\n\t\t\t\t<div class=\"elementor-element elementor-element-d8c6816 elementor-widget elementor-widget-text-editor\" data-id=\"d8c6816\" data-element_type=\"widget\" data-e-type=\"widget\" data-widget_type=\"text-editor.default\">\n\t\t\t\t<div class=\"elementor-widget-container\">\n\t\t\t\t\t\t\t\t\t<h3 style=\"text-align: left;\"><strong>Josland SARL<\/strong> est votre partenaire de confiance pour r\u00e9server facilement et rapidement vos billets d\u2019avion, au meilleur prix.<\/h3><h3 style=\"text-align: left;\">Que vous partiez en week-end en Europe, en voyage d\u2019affaires ou \u00e0 la d\u00e9couverte de nouvelles destinations lointaines, notre plateforme vous permet d&#8217;avoir acc\u00e8s \u00e0 nos diff\u00e9rents services.<\/h3>\t\t\t\t\t\t\t\t<\/div>\n\t\t\t\t<\/div>\n\t\t\t\t<\/div>\n\t\t\t\t<\/div>\n\t\t<div class=\"elementor-element elementor-element-7592e66 e-con-full e-flex wpr-particle-no wpr-jarallax-no wpr-parallax-no wpr-sticky-section-no wpr-equal-height-no e-con e-parent\" data-id=\"7592e66\" data-element_type=\"container\" data-e-type=\"container\">\n\t\t\t\t<\/div>\n\t\t<div class=\"elementor-element elementor-element-4d6baf8 e-con-full e-flex wpr-particle-no wpr-jarallax-no wpr-parallax-no wpr-sticky-section-no wpr-equal-height-no e-con e-parent\" data-id=\"4d6baf8\" data-element_type=\"container\" data-e-type=\"container\" data-settings=\"{&quot;background_background&quot;:&quot;classic&quot;}\">\n\t\t<div class=\"elementor-element elementor-element-4dba0e2 e-con-full e-flex wpr-particle-no wpr-jarallax-no wpr-parallax-no wpr-sticky-section-no wpr-equal-height-no e-con e-child\" data-id=\"4dba0e2\" data-element_type=\"container\" data-e-type=\"container\">\n\t\t\t\t<div class=\"elementor-element elementor-element-3d1ec2c elementor-widget elementor-widget-text-editor\" data-id=\"3d1ec2c\" data-element_type=\"widget\" data-e-type=\"widget\" data-widget_type=\"text-editor.default\">\n\t\t\t\t<div class=\"elementor-widget-container\">\n\t\t\t\t\t\t\t\t\t<h4><strong>Gr\u00e2ce \u00e0 une interface simple et intuitive, vous pouvez nous contacter et faire r\u00e9server votre vol en un clic, tout en b\u00e9n\u00e9ficiant des meilleurs tarifs, d\u2019options flexibles et d\u2019un paiement 100 % s\u00e9curis\u00e9.<\/strong><\/h4><h4>&#8211; Pourquoi choisir Jo&#8217;s Land?<\/h4><h4>&#8211; Des prix comp\u00e9titifs sur tous les vols<\/h4><h4>&#8211; Un comparateur rapide et efficace<\/h4><h4>&#8211; Z\u00e9ro frais cach\u00e9, transparence garantie<\/h4><h4>&#8211; Assistance client disponible 7j\/7<\/h4>\t\t\t\t\t\t\t\t<\/div>\n\t\t\t\t<\/div>\n\t\t\t\t<\/div>\n\t\t<div class=\"elementor-element elementor-element-0861d16 e-con-full e-flex wpr-particle-no wpr-jarallax-no wpr-parallax-no wpr-sticky-section-no wpr-equal-height-no e-con e-child\" data-id=\"0861d16\" data-element_type=\"container\" data-e-type=\"container\">\n\t\t\t\t<div class=\"elementor-element elementor-element-081401f elementor-widget elementor-widget-image\" data-id=\"081401f\" data-element_type=\"widget\" data-e-type=\"widget\" data-widget_type=\"image.default\">\n\t\t\t\t<div class=\"elementor-widget-container\">\n\t\t\t\t\t\t\t\t\t\t\t\t\t\t\t<img decoding=\"async\" width=\"1080\" height=\"715\" src=\"https:\/\/joslandsarl.com\/wp-content\/uploads\/2025\/05\/1.jpg\" class=\"attachment-full size-full wp-image-239\" alt=\"\" srcset=\"https:\/\/joslandsarl.com\/wp-content\/uploads\/2025\/05\/1.jpg 1080w, https:\/\/joslandsarl.com\/wp-content\/uploads\/2025\/05\/1-300x199.jpg 300w, https:\/\/joslandsarl.com\/wp-content\/uploads\/2025\/05\/1-1024x678.jpg 1024w, https:\/\/joslandsarl.com\/wp-content\/uploads\/2025\/05\/1-768x508.jpg 768w\" sizes=\"(max-width: 1080px) 100vw, 1080px\" \/>\t\t\t\t\t\t\t\t\t\t\t\t\t\t\t<\/div>\n\t\t\t\t<\/div>\n\t\t\t\t<\/div>\n\t\t\t\t<\/div>\n\t\t<div class=\"elementor-element elementor-element-7000b07 e-con-full e-flex wpr-particle-no wpr-jarallax-no wpr-parallax-no wpr-sticky-section-no wpr-equal-height-no e-con e-parent\" data-id=\"7000b07\" data-element_type=\"container\" data-e-type=\"container\">\n\t\t\t\t<\/div>\n\t\t<div class=\"elementor-element elementor-element-751abeb e-con-full e-flex wpr-particle-no wpr-jarallax-no wpr-parallax-no wpr-sticky-section-no wpr-equal-height-no e-con e-parent\" data-id=\"751abeb\" data-element_type=\"container\" data-e-type=\"container\">\n\t\t\t\t<\/div>\n\t\t<div class=\"elementor-element elementor-element-e31b09a e-flex e-con-boxed wpr-particle-no wpr-jarallax-no wpr-parallax-no wpr-sticky-section-no wpr-equal-height-no e-con e-parent\" data-id=\"e31b09a\" data-element_type=\"container\" data-e-type=\"container\">\n\t\t\t\t\t<div class=\"e-con-inner\">\n\t\t<div class=\"elementor-element elementor-element-4e641f6 e-con-full e-flex wpr-particle-no wpr-jarallax-no wpr-parallax-no wpr-sticky-section-no wpr-equal-height-no e-con e-child\" data-id=\"4e641f6\" data-element_type=\"container\" data-e-type=\"container\" data-settings=\"{&quot;background_background&quot;:&quot;classic&quot;}\">\n\t\t\t\t<div class=\"elementor-element elementor-element-60f1b7a elementor-widget elementor-widget-premium-addon-person\" data-id=\"60f1b7a\" data-element_type=\"widget\" data-e-type=\"widget\" data-widget_type=\"premium-addon-person.default\">\n\t\t\t\t<div class=\"elementor-widget-container\">\n\t\t\t\t\t\t\t<div class=\"premium-persons-container premium-person-style2\">\n\t\t\t\t\t\t<div class=\"premium-person-container premium-person-zoomin-effect\">\n\n\t\t\t\t<div class=\"premium-person-image-container\">\n\t\t\t\t\t<img decoding=\"async\" width=\"1080\" height=\"715\" src=\"https:\/\/joslandsarl.com\/wp-content\/uploads\/2025\/05\/3.jpg\" class=\"attachment-full size-full wp-image-252\" alt=\"\" srcset=\"https:\/\/joslandsarl.com\/wp-content\/uploads\/2025\/05\/3.jpg 1080w, https:\/\/joslandsarl.com\/wp-content\/uploads\/2025\/05\/3-300x199.jpg 300w, https:\/\/joslandsarl.com\/wp-content\/uploads\/2025\/05\/3-1024x678.jpg 1024w, https:\/\/joslandsarl.com\/wp-content\/uploads\/2025\/05\/3-768x508.jpg 768w\" sizes=\"(max-width: 1080px) 100vw, 1080px\" \/>\n\t\t\t\t\t\t\t\t\t\t\t<div class=\"premium-person-social\">\n\t\t\t\t\t\t\t<ul class=\"premium-person-social-list\">\t\t\t\t<li class=\"elementor-icon premium-person-list-item premium-person-facebook\">\n\t\t\t\t\t<a href=\"#\" target=\"_blank\">\n\t\t\t\t\t\t<i class=\"fab fa-facebook-f\" aria-hidden=\"true\"><\/i>\n\t\t\t\t\t<\/a>\n\t\t\t\t<\/li>\n\t\t\t\t\t\t\t\t<li class=\"elementor-icon premium-person-list-item premium-person-twitter\">\n\t\t\t\t\t<a href=\"#\" target=\"_blank\">\n\t\t\t\t\t\t<i class=\"fab fa-twitter\" aria-hidden=\"true\"><\/i>\n\t\t\t\t\t<\/a>\n\t\t\t\t<\/li>\n\t\t\t\t\t\t\t\t<li class=\"elementor-icon premium-person-list-item premium-person-instagram\">\n\t\t\t\t\t<a href=\"#\" target=\"_blank\">\n\t\t\t\t\t\t<i class=\"fab fa-instagram\" aria-hidden=\"true\"><\/i>\n\t\t\t\t\t<\/a>\n\t\t\t\t<\/li>\n\t\t\t\t\t\t\t\t<li class=\"elementor-icon premium-person-list-item premium-person-dribbble\">\n\t\t\t\t\t<a href=\"#\" target=\"_blank\">\n\t\t\t\t\t\t<i class=\"fab fa-dribbble\" aria-hidden=\"true\"><\/i>\n\t\t\t\t\t<\/a>\n\t\t\t\t<\/li>\n\t\t\t\t<\/ul>\t\t\t\t\t\t<\/div>\n\t\t\t\t\t\t\t\t\t<\/div>\n\t\t\t\t<div class=\"premium-person-info\">\n\t\t\t\t\t\t\t\t<div class=\"premium-person-info-container\">\n\t\t\t\t\t\t\t\t\t<h2 class=\"premium-person-name\">Jean Paul MANGA<\/h2>\t\t\t\t\t\t\t\t\t\t\t<h4 class=\"premium-person-title\">\n\t\t\t\t\t\t\t<span>Directeur G\u00e9n\u00e9ral<\/span>\n\t\t\t\t\t\t<\/h4>\n\t\t\t\t\t\t\t\t<\/div>\n\t\t\t\t\t\t\t<\/div>\n\t\t\t<\/div>\n\t\t\t\t\t\t<\/div>\n\t\t\t\t\t\t<\/div>\n\t\t\t\t<\/div>\n\t\t\t\t<\/div>\n\t\t<div class=\"elementor-element elementor-element-07364ae e-con-full e-flex wpr-particle-no wpr-jarallax-no wpr-parallax-no wpr-sticky-section-no wpr-equal-height-no e-con e-child\" data-id=\"07364ae\" data-element_type=\"container\" data-e-type=\"container\">\n\t\t\t\t<div class=\"elementor-element elementor-element-e3af887 elementor-widget elementor-widget-premium-addon-person\" data-id=\"e3af887\" data-element_type=\"widget\" data-e-type=\"widget\" data-widget_type=\"premium-addon-person.default\">\n\t\t\t\t<div class=\"elementor-widget-container\">\n\t\t\t\t\t\t\t<div class=\"premium-persons-container premium-person-style2\">\n\t\t\t\t\t\t<div class=\"premium-person-container premium-person-zoomin-effect\">\n\n\t\t\t\t<div class=\"premium-person-image-container\">\n\t\t\t\t\t<img loading=\"lazy\" decoding=\"async\" width=\"1080\" height=\"715\" src=\"https:\/\/joslandsarl.com\/wp-content\/uploads\/2025\/05\/dame.jpg\" class=\"attachment-full size-full wp-image-287\" alt=\"\" srcset=\"https:\/\/joslandsarl.com\/wp-content\/uploads\/2025\/05\/dame.jpg 1080w, https:\/\/joslandsarl.com\/wp-content\/uploads\/2025\/05\/dame-300x199.jpg 300w, https:\/\/joslandsarl.com\/wp-content\/uploads\/2025\/05\/dame-1024x678.jpg 1024w, https:\/\/joslandsarl.com\/wp-content\/uploads\/2025\/05\/dame-768x508.jpg 768w\" sizes=\"(max-width: 1080px) 100vw, 1080px\" \/>\n\t\t\t\t\t\t\t\t\t\t\t<div class=\"premium-person-social\">\n\t\t\t\t\t\t\t<ul class=\"premium-person-social-list\">\t\t\t\t<li class=\"elementor-icon premium-person-list-item premium-person-facebook\">\n\t\t\t\t\t<a href=\"#\" target=\"_blank\">\n\t\t\t\t\t\t<i class=\"fab fa-facebook-f\" aria-hidden=\"true\"><\/i>\n\t\t\t\t\t<\/a>\n\t\t\t\t<\/li>\n\t\t\t\t\t\t\t\t<li class=\"elementor-icon premium-person-list-item premium-person-twitter\">\n\t\t\t\t\t<a href=\"#\" target=\"_blank\">\n\t\t\t\t\t\t<i class=\"fab fa-twitter\" aria-hidden=\"true\"><\/i>\n\t\t\t\t\t<\/a>\n\t\t\t\t<\/li>\n\t\t\t\t\t\t\t\t<li class=\"elementor-icon premium-person-list-item premium-person-instagram\">\n\t\t\t\t\t<a href=\"#\" target=\"_blank\">\n\t\t\t\t\t\t<i class=\"fab fa-instagram\" aria-hidden=\"true\"><\/i>\n\t\t\t\t\t<\/a>\n\t\t\t\t<\/li>\n\t\t\t\t\t\t\t\t<li class=\"elementor-icon premium-person-list-item premium-person-dribbble\">\n\t\t\t\t\t<a href=\"#\" target=\"_blank\">\n\t\t\t\t\t\t<i class=\"fab fa-dribbble\" aria-hidden=\"true\"><\/i>\n\t\t\t\t\t<\/a>\n\t\t\t\t<\/li>\n\t\t\t\t<\/ul>\t\t\t\t\t\t<\/div>\n\t\t\t\t\t\t\t\t\t<\/div>\n\t\t\t\t<div class=\"premium-person-info\">\n\t\t\t\t\t\t\t\t<div class=\"premium-person-info-container\">\n\t\t\t\t\t\t\t\t\t<h2 class=\"premium-person-name\">Viviane SAMBA<\/h2>\t\t\t\t\t\t\t\t\t\t\t<h4 class=\"premium-person-title\">\n\t\t\t\t\t\t\t<span>DGA<\/span>\n\t\t\t\t\t\t<\/h4>\n\t\t\t\t\t\t\t\t<\/div>\n\t\t\t\t\t\t\t<\/div>\n\t\t\t<\/div>\n\t\t\t\t\t\t<\/div>\n\t\t\t\t\t\t<\/div>\n\t\t\t\t<\/div>\n\t\t\t\t<\/div>\n\t\t\t\t\t<\/div>\n\t\t\t\t<\/div>\n\t\t<div class=\"elementor-element elementor-element-0e0570a e-con-full e-flex wpr-particle-no wpr-jarallax-no wpr-parallax-no wpr-sticky-section-no wpr-equal-height-no e-con e-parent\" data-id=\"0e0570a\" data-element_type=\"container\" data-e-type=\"container\">\n\t\t\t\t<\/div>\n\t\t\t\t<\/div>\n\t\t","protected":false},"excerpt":{"rendered":"<p>Bienvenue sur Josland SARL \u2013 Votre billet pour le monde<\/p>\n","protected":false},"author":1,"featured_media":0,"parent":0,"menu_order":0,"comment_status":"closed","ping_status":"closed","template":"","meta":{"footnotes":""},"class_list":["post-162","page","type-page","status-publish","hentry"],"yoast_head":"<!-- This site is optimized with the Yoast SEO plugin v27.4 - https:\/\/yoast.com\/product\/yoast-seo-wordpress\/ -->\n<title>A Propos - JosLand Sarl<\/title>\n<meta name=\"robots\" content=\"index, follow, max-snippet:-1, max-image-preview:large, max-video-preview:-1\" \/>\n<link rel=\"canonical\" href=\"https:\/\/joslandsarl.com\/index.php\/a-propos\/\" \/>\n<meta property=\"og:locale\" content=\"en_US\" \/>\n<meta property=\"og:type\" content=\"article\" \/>\n<meta property=\"og:title\" content=\"A Propos - JosLand Sarl\" \/>\n<meta property=\"og:description\" content=\"Bienvenue sur Josland SARL \u2013 Votre billet pour le monde\" \/>\n<meta property=\"og:url\" content=\"https:\/\/joslandsarl.com\/index.php\/a-propos\/\" \/>\n<meta property=\"og:site_name\" content=\"JosLand Sarl\" \/>\n<meta property=\"article:modified_time\" content=\"2025-05-15T17:24:04+00:00\" \/>\n<meta property=\"og:image\" content=\"http:\/\/joslandsarl.com\/wp-content\/uploads\/2025\/05\/a.jpg\" \/>\n<meta name=\"twitter:card\" content=\"summary_large_image\" \/>\n<meta name=\"twitter:label1\" content=\"Est. reading time\" \/>\n\t<meta name=\"twitter:data1\" content=\"2 minutes\" \/>\n<script type=\"application\/ld+json\" class=\"yoast-schema-graph\">{\"@context\":\"https:\\\/\\\/schema.org\",\"@graph\":[{\"@type\":\"WebPage\",\"@id\":\"https:\\\/\\\/joslandsarl.com\\\/index.php\\\/a-propos\\\/\",\"url\":\"https:\\\/\\\/joslandsarl.com\\\/index.php\\\/a-propos\\\/\",\"name\":\"A Propos - JosLand Sarl\",\"isPartOf\":{\"@id\":\"https:\\\/\\\/joslandsarl.com\\\/#website\"},\"primaryImageOfPage\":{\"@id\":\"https:\\\/\\\/joslandsarl.com\\\/index.php\\\/a-propos\\\/#primaryimage\"},\"image\":{\"@id\":\"https:\\\/\\\/joslandsarl.com\\\/index.php\\\/a-propos\\\/#primaryimage\"},\"thumbnailUrl\":\"http:\\\/\\\/joslandsarl.com\\\/wp-content\\\/uploads\\\/2025\\\/05\\\/a.jpg\",\"datePublished\":\"2025-05-06T15:33:33+00:00\",\"dateModified\":\"2025-05-15T17:24:04+00:00\",\"breadcrumb\":{\"@id\":\"https:\\\/\\\/joslandsarl.com\\\/index.php\\\/a-propos\\\/#breadcrumb\"},\"inLanguage\":\"en-US\",\"potentialAction\":[{\"@type\":\"ReadAction\",\"target\":[\"https:\\\/\\\/joslandsarl.com\\\/index.php\\\/a-propos\\\/\"]}]},{\"@type\":\"ImageObject\",\"inLanguage\":\"en-US\",\"@id\":\"https:\\\/\\\/joslandsarl.com\\\/index.php\\\/a-propos\\\/#primaryimage\",\"url\":\"https:\\\/\\\/joslandsarl.com\\\/wp-content\\\/uploads\\\/2025\\\/05\\\/a.jpg\",\"contentUrl\":\"https:\\\/\\\/joslandsarl.com\\\/wp-content\\\/uploads\\\/2025\\\/05\\\/a.jpg\",\"width\":768,\"height\":599},{\"@type\":\"BreadcrumbList\",\"@id\":\"https:\\\/\\\/joslandsarl.com\\\/index.php\\\/a-propos\\\/#breadcrumb\",\"itemListElement\":[{\"@type\":\"ListItem\",\"position\":1,\"name\":\"Home\",\"item\":\"https:\\\/\\\/joslandsarl.com\\\/\"},{\"@type\":\"ListItem\",\"position\":2,\"name\":\"A Propos\"}]},{\"@type\":\"WebSite\",\"@id\":\"https:\\\/\\\/joslandsarl.com\\\/#website\",\"url\":\"https:\\\/\\\/joslandsarl.com\\\/\",\"name\":\"JosLand Sarl\",\"description\":\"More Than 100+ Countries\",\"publisher\":{\"@id\":\"https:\\\/\\\/joslandsarl.com\\\/#organization\"},\"potentialAction\":[{\"@type\":\"SearchAction\",\"target\":{\"@type\":\"EntryPoint\",\"urlTemplate\":\"https:\\\/\\\/joslandsarl.com\\\/?s={search_term_string}\"},\"query-input\":{\"@type\":\"PropertyValueSpecification\",\"valueRequired\":true,\"valueName\":\"search_term_string\"}}],\"inLanguage\":\"en-US\"},{\"@type\":\"Organization\",\"@id\":\"https:\\\/\\\/joslandsarl.com\\\/#organization\",\"name\":\"JosLand Sarl\",\"url\":\"https:\\\/\\\/joslandsarl.com\\\/\",\"logo\":{\"@type\":\"ImageObject\",\"inLanguage\":\"en-US\",\"@id\":\"https:\\\/\\\/joslandsarl.com\\\/#\\\/schema\\\/logo\\\/image\\\/\",\"url\":\"https:\\\/\\\/joslandsarl.com\\\/wp-content\\\/uploads\\\/2025\\\/05\\\/cropped-Logo-Large.jpg\",\"contentUrl\":\"https:\\\/\\\/joslandsarl.com\\\/wp-content\\\/uploads\\\/2025\\\/05\\\/cropped-Logo-Large.jpg\",\"width\":1115,\"height\":190,\"caption\":\"JosLand Sarl\"},\"image\":{\"@id\":\"https:\\\/\\\/joslandsarl.com\\\/#\\\/schema\\\/logo\\\/image\\\/\"}}]}<\/script>\n<!-- \/ Yoast SEO plugin. -->","yoast_head_json":{"title":"A Propos - JosLand Sarl","robots":{"index":"index","follow":"follow","max-snippet":"max-snippet:-1","max-image-preview":"max-image-preview:large","max-video-preview":"max-video-preview:-1"},"canonical":"https:\/\/joslandsarl.com\/index.php\/a-propos\/","og_locale":"en_US","og_type":"article","og_title":"A Propos - JosLand Sarl","og_description":"Bienvenue sur Josland SARL \u2013 Votre billet pour le monde","og_url":"https:\/\/joslandsarl.com\/index.php\/a-propos\/","og_site_name":"JosLand Sarl","article_modified_time":"2025-05-15T17:24:04+00:00","og_image":[{"url":"http:\/\/joslandsarl.com\/wp-content\/uploads\/2025\/05\/a.jpg","type":"","width":"","height":""}],"twitter_card":"summary_large_image","twitter_misc":{"Est. reading time":"2 minutes"},"schema":{"@context":"https:\/\/schema.org","@graph":[{"@type":"WebPage","@id":"https:\/\/joslandsarl.com\/index.php\/a-propos\/","url":"https:\/\/joslandsarl.com\/index.php\/a-propos\/","name":"A Propos - JosLand Sarl","isPartOf":{"@id":"https:\/\/joslandsarl.com\/#website"},"primaryImageOfPage":{"@id":"https:\/\/joslandsarl.com\/index.php\/a-propos\/#primaryimage"},"image":{"@id":"https:\/\/joslandsarl.com\/index.php\/a-propos\/#primaryimage"},"thumbnailUrl":"http:\/\/joslandsarl.com\/wp-content\/uploads\/2025\/05\/a.jpg","datePublished":"2025-05-06T15:33:33+00:00","dateModified":"2025-05-15T17:24:04+00:00","breadcrumb":{"@id":"https:\/\/joslandsarl.com\/index.php\/a-propos\/#breadcrumb"},"inLanguage":"en-US","potentialAction":[{"@type":"ReadAction","target":["https:\/\/joslandsarl.com\/index.php\/a-propos\/"]}]},{"@type":"ImageObject","inLanguage":"en-US","@id":"https:\/\/joslandsarl.com\/index.php\/a-propos\/#primaryimage","url":"https:\/\/joslandsarl.com\/wp-content\/uploads\/2025\/05\/a.jpg","contentUrl":"https:\/\/joslandsarl.com\/wp-content\/uploads\/2025\/05\/a.jpg","width":768,"height":599},{"@type":"BreadcrumbList","@id":"https:\/\/joslandsarl.com\/index.php\/a-propos\/#breadcrumb","itemListElement":[{"@type":"ListItem","position":1,"name":"Home","item":"https:\/\/joslandsarl.com\/"},{"@type":"ListItem","position":2,"name":"A Propos"}]},{"@type":"WebSite","@id":"https:\/\/joslandsarl.com\/#website","url":"https:\/\/joslandsarl.com\/","name":"JosLand Sarl","description":"More Than 100+ Countries","publisher":{"@id":"https:\/\/joslandsarl.com\/#organization"},"potentialAction":[{"@type":"SearchAction","target":{"@type":"EntryPoint","urlTemplate":"https:\/\/joslandsarl.com\/?s={search_term_string}"},"query-input":{"@type":"PropertyValueSpecification","valueRequired":true,"valueName":"search_term_string"}}],"inLanguage":"en-US"},{"@type":"Organization","@id":"https:\/\/joslandsarl.com\/#organization","name":"JosLand Sarl","url":"https:\/\/joslandsarl.com\/","logo":{"@type":"ImageObject","inLanguage":"en-US","@id":"https:\/\/joslandsarl.com\/#\/schema\/logo\/image\/","url":"https:\/\/joslandsarl.com\/wp-content\/uploads\/2025\/05\/cropped-Logo-Large.jpg","contentUrl":"https:\/\/joslandsarl.com\/wp-content\/uploads\/2025\/05\/cropped-Logo-Large.jpg","width":1115,"height":190,"caption":"JosLand Sarl"},"image":{"@id":"https:\/\/joslandsarl.com\/#\/schema\/logo\/image\/"}}]}},"_links":{"self":[{"href":"https:\/\/joslandsarl.com\/index.php\/wp-json\/wp\/v2\/pages\/162","targetHints":{"allow":["GET"]}}],"collection":[{"href":"https:\/\/joslandsarl.com\/index.php\/wp-json\/wp\/v2\/pages"}],"about":[{"href":"https:\/\/joslandsarl.com\/index.php\/wp-json\/wp\/v2\/types\/page"}],"author":[{"embeddable":true,"href":"https:\/\/joslandsarl.com\/index.php\/wp-json\/wp\/v2\/users\/1"}],"replies":[{"embeddable":true,"href":"https:\/\/joslandsarl.com\/index.php\/wp-json\/wp\/v2\/comments?post=162"}],"version-history":[{"count":88,"href":"https:\/\/joslandsarl.com\/index.php\/wp-json\/wp\/v2\/pages\/162\/revisions"}],"predecessor-version":[{"id":296,"href":"https:\/\/joslandsarl.com\/index.php\/wp-json\/wp\/v2\/pages\/162\/revisions\/296"}],"wp:attachment":[{"href":"https:\/\/joslandsarl.com\/index.php\/wp-json\/wp\/v2\/media?parent=162"}],"curies":[{"name":"wp","href":"https:\/\/api.w.org\/{rel}","templated":true}]}}